{"id":728,"date":"2026-03-12T09:48:46","date_gmt":"2026-03-12T08:48:46","guid":{"rendered":"https:\/\/optimum-you.fr\/?page_id=728"},"modified":"2026-03-12T09:50:36","modified_gmt":"2026-03-12T08:50:36","slug":"entreprises-2","status":"publish","type":"page","link":"https:\/\/optimum-you.fr\/?page_id=728","title":{"rendered":"Entreprises"},"content":{"rendered":"\n<p class=\"has-text-align-center has-medium-font-size\"><strong>Un bilan complet pour mieux comprendre vos forces et faire \u00e9merger les dynamiques naturelles de votre \u00e9quipe<\/strong><\/p>\n\n\n\n<div class=\"wp-block-cover\" style=\"min-height:290px;aspect-ratio:unset;\"><img loading=\"lazy\" decoding=\"async\" width=\"826\" height=\"551\" class=\"wp-block-cover__image-background wp-image-458 size-full\" alt=\"\" src=\"http:\/\/optimum-you.fr\/wp-content\/uploads\/2025\/02\/confident-young-blonde-girl-doing-strong-gesture-keeping-hand-waist_141793-115113.jpg\" style=\"object-position:48% 6%\" data-object-fit=\"cover\" data-object-position=\"48% 6%\" srcset=\"https:\/\/optimum-you.fr\/wp-content\/uploads\/2025\/02\/confident-young-blonde-girl-doing-strong-gesture-keeping-hand-waist_141793-115113.jpg 826w, https:\/\/optimum-you.fr\/wp-content\/uploads\/2025\/02\/confident-young-blonde-girl-doing-strong-gesture-keeping-hand-waist_141793-115113-300x200.jpg 300w, https:\/\/optimum-you.fr\/wp-content\/uploads\/2025\/02\/confident-young-blonde-girl-doing-strong-gesture-keeping-hand-waist_141793-115113-768x512.jpg 768w\" sizes=\"auto, (max-width: 826px) 100vw, 826px\" \/><span aria-hidden=\"true\" class=\"wp-block-cover__background has-background-dim\" style=\"background-color:#c35c59\"><\/span><div class=\"wp-block-cover__inner-container is-layout-constrained wp-block-cover-is-layout-constrained\">\n<p class=\"has-text-align-center has-large-font-size\"><strong>D\u00e9couvrez les forces<br> de votre \u00e9quipe<\/strong><\/p>\n<\/div><\/div>\n\n\n\n<ul class=\"wp-block-list has-medium-font-size\">\n<li>Avoir les clefs de d\u00e9marrage pour une mise en route fluide vos collaborateurs.<\/li>\n\n\n\n<li>Quel est le profil d&rsquo;action de votre \u00e9quipe ?<\/li>\n\n\n\n<li>Comment animer vos r\u00e9unions pour utiliser les forces de votre \u00e9quipe ?<\/li>\n\n\n\n<li>Gommer les freins au fonctionnement naturel de chacun<\/li>\n\n\n\n<li>Favoriser la cr\u00e9ativit\u00e9<\/li>\n<\/ul>\n\n\n\n<div class=\"wp-block-cover is-light\" style=\"min-height:290px;aspect-ratio:unset;\"><img loading=\"lazy\" decoding=\"async\" width=\"1024\" height=\"683\" class=\"wp-block-cover__image-background wp-image-773 size-large\" alt=\"\" src=\"http:\/\/optimum-you.fr\/wp-content\/uploads\/2026\/03\/3750-1024x683.jpg\" data-object-fit=\"cover\" srcset=\"https:\/\/optimum-you.fr\/wp-content\/uploads\/2026\/03\/3750-1024x683.jpg 1024w, https:\/\/optimum-you.fr\/wp-content\/uploads\/2026\/03\/3750-300x200.jpg 300w, https:\/\/optimum-you.fr\/wp-content\/uploads\/2026\/03\/3750-768x512.jpg 768w, https:\/\/optimum-you.fr\/wp-content\/uploads\/2026\/03\/3750.jpg 1500w\" sizes=\"auto, (max-width: 1024px) 100vw, 1024px\" \/><span aria-hidden=\"true\" class=\"wp-block-cover__background has-background-dim\" style=\"background-color:#f1ff00\"><\/span><div class=\"wp-block-cover__inner-container is-layout-constrained wp-block-cover-is-layout-constrained\">\n<p class=\"has-text-align-center has-black-color has-text-color has-link-color has-large-font-size wp-elements-cbc7824da5f548f87795d759da44935b\"><strong>Pr\u00e9vention du Burn Out<br>Sant\u00e9<\/strong><\/p>\n<\/div><\/div>\n\n\n\n<ul class=\"wp-block-list has-medium-font-size\">\n<li>Pr\u00e9venir le burn out<\/li>\n\n\n\n<li>Limiter les arr\u00eats maladies<\/li>\n\n\n\n<li>Favoriser le bien-\u00eatre g\u00e9n\u00e9ral par la mise en place d&rsquo;une routine d&rsquo;entreprise tr\u00e8s courte<\/li>\n<\/ul>\n\n\n\n<div class=\"wp-block-buttons alignwide is-vertical is-content-justification-center is-layout-flex wp-container-core-buttons-is-layout-4b2eccd6 wp-block-buttons-is-layout-flex\">\n<div class=\"wp-block-button is-style-fill\"><a class=\"wp-block-button__link has-text-align-center wp-element-button\" href=\"https:\/\/optimum-you.fr\/?page_id=98\"><strong>PRENDRE RDV<\/strong><\/a><\/div>\n<\/div>\n","protected":false},"excerpt":{"rendered":"<p>Un bilan complet pour mieux comprendre vos forces et faire \u00e9merger les dynamiques naturelles de votre \u00e9quipe<\/p>\n","protected":false},"author":1,"featured_media":0,"parent":0,"menu_order":0,"comment_status":"closed","ping_status":"closed","template":"","meta":{"footnotes":""},"class_list":["post-728","page","type-page","status-publish","hentry"],"_links":{"self":[{"href":"https:\/\/optimum-you.fr\/index.php?rest_route=\/wp\/v2\/pages\/728","targetHints":{"allow":["GET"]}}],"collection":[{"href":"https:\/\/optimum-you.fr\/index.php?rest_route=\/wp\/v2\/pages"}],"about":[{"href":"https:\/\/optimum-you.fr\/index.php?rest_route=\/wp\/v2\/types\/page"}],"author":[{"embeddable":true,"href":"https:\/\/optimum-you.fr\/index.php?rest_route=\/wp\/v2\/users\/1"}],"replies":[{"embeddable":true,"href":"https:\/\/optimum-you.fr\/index.php?rest_route=%2Fwp%2Fv2%2Fcomments&post=728"}],"version-history":[{"count":20,"href":"https:\/\/optimum-you.fr\/index.php?rest_route=\/wp\/v2\/pages\/728\/revisions"}],"predecessor-version":[{"id":834,"href":"https:\/\/optimum-you.fr\/index.php?rest_route=\/wp\/v2\/pages\/728\/revisions\/834"}],"wp:attachment":[{"href":"https:\/\/optimum-you.fr\/index.php?rest_route=%2Fwp%2Fv2%2Fmedia&parent=728"}],"curies":[{"name":"wp","href":"https:\/\/api.w.org\/{rel}","templated":true}]}}