{"id":760,"date":"2026-03-12T09:51:52","date_gmt":"2026-03-12T08:51:52","guid":{"rendered":"https:\/\/optimum-you.fr\/?page_id=760"},"modified":"2026-03-12T09:51:52","modified_gmt":"2026-03-12T08:51:52","slug":"parents-enfants","status":"publish","type":"page","link":"https:\/\/optimum-you.fr\/?page_id=760","title":{"rendered":"Parents-Enfants"},"content":{"rendered":"\n<p class=\"has-text-align-center has-medium-font-size\"><strong>Une approche globale pour favoriser le fonctionnement de votre enfant<\/strong><\/p>\n\n\n\n<div class=\"wp-block-cover is-light\" style=\"min-height:290px;aspect-ratio:unset;\"><img loading=\"lazy\" decoding=\"async\" width=\"1024\" height=\"683\" class=\"wp-block-cover__image-background wp-image-765 size-large\" alt=\"\" src=\"https:\/\/optimum-you.fr\/wp-content\/uploads\/2026\/03\/2147659050-1024x683.jpg\" data-object-fit=\"cover\" srcset=\"https:\/\/optimum-you.fr\/wp-content\/uploads\/2026\/03\/2147659050-1024x683.jpg 1024w, https:\/\/optimum-you.fr\/wp-content\/uploads\/2026\/03\/2147659050-300x200.jpg 300w, https:\/\/optimum-you.fr\/wp-content\/uploads\/2026\/03\/2147659050-768x512.jpg 768w, https:\/\/optimum-you.fr\/wp-content\/uploads\/2026\/03\/2147659050.jpg 1500w\" sizes=\"auto, (max-width: 1024px) 100vw, 1024px\" \/><span aria-hidden=\"true\" class=\"wp-block-cover__background has-background-dim\" style=\"background-color:#b1988b\"><\/span><div class=\"wp-block-cover__inner-container is-layout-constrained wp-block-cover-is-layout-constrained\">\n<p class=\"has-text-align-center has-large-font-size\"><strong>Apprentissage<\/strong><br><strong>et Orientation<\/strong><\/p>\n<\/div><\/div>\n\n\n\n<ul class=\"wp-block-list\">\n<li class=\"has-medium-font-size\">Favoriser les apprentissages scolaires via la motricit\u00e9 et la calibration nerveuse<\/li>\n\n\n\n<li class=\"has-medium-font-size\">Accompagner les troubles de l&rsquo;apprentissage (TDAH, Troubles DYS)<\/li>\n\n\n\n<li class=\"has-medium-font-size\">Travail sur les r\u00e9flexes primitifs pour un socle sensorimoteur plus fiable<\/li>\n\n\n\n<li class=\"has-medium-font-size\">Orientation professionnelle (bas\u00e9e sur les pr\u00e9f\u00e9rences mentales)<\/li>\n<\/ul>\n\n\n\n<div class=\"wp-block-cover is-light\" style=\"min-height:290px;aspect-ratio:unset;\"><img loading=\"lazy\" decoding=\"async\" width=\"819\" height=\"1024\" class=\"wp-block-cover__image-background wp-image-763 size-large\" alt=\"\" src=\"https:\/\/optimum-you.fr\/wp-content\/uploads\/2026\/03\/2148843635-819x1024.jpg\" style=\"object-position:62% 43%\" data-object-fit=\"cover\" data-object-position=\"62% 43%\" srcset=\"https:\/\/optimum-you.fr\/wp-content\/uploads\/2026\/03\/2148843635-819x1024.jpg 819w, https:\/\/optimum-you.fr\/wp-content\/uploads\/2026\/03\/2148843635-240x300.jpg 240w, https:\/\/optimum-you.fr\/wp-content\/uploads\/2026\/03\/2148843635-768x960.jpg 768w, https:\/\/optimum-you.fr\/wp-content\/uploads\/2026\/03\/2148843635.jpg 1200w\" sizes=\"auto, (max-width: 819px) 100vw, 819px\" \/><span aria-hidden=\"true\" class=\"wp-block-cover__background has-background-dim\" style=\"background-color:#fdfcfb\"><\/span><div class=\"wp-block-cover__inner-container is-layout-constrained wp-block-cover-is-layout-constrained\">\n<p class=\"has-text-align-center has-large-font-size\"><strong>Relation Parents-enfants<\/strong><\/p>\n<\/div><\/div>\n\n\n\n<ul class=\"wp-block-list has-medium-font-size\">\n<li>Mieux comprendre votre enfant et vos interactions<\/li>\n\n\n\n<li>Quelles sont les motivations des membres de la famille et leurs interactions ?<\/li>\n\n\n\n<li>Mieux comprendre les besoins de chacun et ses singularit\u00e9s<\/li>\n<\/ul>\n\n\n\n<div class=\"wp-block-cover is-light\" style=\"min-height:290px;aspect-ratio:unset;\"><img loading=\"lazy\" decoding=\"async\" width=\"1024\" height=\"683\" class=\"wp-block-cover__image-background wp-image-795 size-large\" alt=\"\" src=\"https:\/\/optimum-you.fr\/wp-content\/uploads\/2026\/03\/close-up-teenagers-showing-thumbs-up-1024x683.jpg\" style=\"object-position:55% 97%\" data-object-fit=\"cover\" data-object-position=\"55% 97%\" srcset=\"https:\/\/optimum-you.fr\/wp-content\/uploads\/2026\/03\/close-up-teenagers-showing-thumbs-up-1024x683.jpg 1024w, https:\/\/optimum-you.fr\/wp-content\/uploads\/2026\/03\/close-up-teenagers-showing-thumbs-up-300x200.jpg 300w, https:\/\/optimum-you.fr\/wp-content\/uploads\/2026\/03\/close-up-teenagers-showing-thumbs-up-768x512.jpg 768w, https:\/\/optimum-you.fr\/wp-content\/uploads\/2026\/03\/close-up-teenagers-showing-thumbs-up-1536x1024.jpg 1536w, https:\/\/optimum-you.fr\/wp-content\/uploads\/2026\/03\/close-up-teenagers-showing-thumbs-up-2048x1365.jpg 2048w\" sizes=\"auto, (max-width: 1024px) 100vw, 1024px\" \/><span aria-hidden=\"true\" class=\"wp-block-cover__background has-background-dim\" style=\"background-color:#f1ff00\"><\/span><div class=\"wp-block-cover__inner-container is-layout-constrained wp-block-cover-is-layout-constrained\">\n<p class=\"has-text-align-center has-black-color has-text-color has-link-color has-large-font-size wp-elements-49fbb31df5bce52e325d39d04afb826a\"><strong>Bien-\u00eatre g\u00e9n\u00e9ral<\/strong><\/p>\n<\/div><\/div>\n\n\n\n<ul class=\"wp-block-list\">\n<li class=\"has-medium-font-size\">Prendre confiance en ses capacit\u00e9s et se projeter dans l&rsquo;avenir sereinement<\/li>\n\n\n\n<li class=\"has-medium-font-size\">Favoriser une image de soi positive<\/li>\n\n\n\n<li class=\"has-medium-font-size\">Lever les freins au d\u00e9veloppement (phobies, traumas, peurs) pour pouvoir avancer<\/li>\n\n\n\n<li class=\"has-medium-font-size\">Des moyens rapides et individualis\u00e9s de favoriser le sommeil, le calme<\/li>\n<\/ul>\n\n\n\n<div class=\"wp-block-buttons alignwide is-vertical is-content-justification-center is-layout-flex wp-container-core-buttons-is-layout-4b2eccd6 wp-block-buttons-is-layout-flex\">\n<div class=\"wp-block-button is-style-fill\"><a class=\"wp-block-button__link has-text-align-center wp-element-button\" href=\"https:\/\/optimum-you.fr\/?page_id=98\"><strong>PRENDRE RDV<\/strong><\/a><\/div>\n<\/div>\n","protected":false},"excerpt":{"rendered":"<p>Une approche globale pour favoriser le fonctionnement de votre enfant<\/p>\n","protected":false},"author":1,"featured_media":0,"parent":0,"menu_order":0,"comment_status":"closed","ping_status":"closed","template":"","meta":{"footnotes":""},"class_list":["post-760","page","type-page","status-publish","hentry"],"_links":{"self":[{"href":"https:\/\/optimum-you.fr\/index.php?rest_route=\/wp\/v2\/pages\/760","targetHints":{"allow":["GET"]}}],"collection":[{"href":"https:\/\/optimum-you.fr\/index.php?rest_route=\/wp\/v2\/pages"}],"about":[{"href":"https:\/\/optimum-you.fr\/index.php?rest_route=\/wp\/v2\/types\/page"}],"author":[{"embeddable":true,"href":"https:\/\/optimum-you.fr\/index.php?rest_route=\/wp\/v2\/users\/1"}],"replies":[{"embeddable":true,"href":"https:\/\/optimum-you.fr\/index.php?rest_route=%2Fwp%2Fv2%2Fcomments&post=760"}],"version-history":[{"count":18,"href":"https:\/\/optimum-you.fr\/index.php?rest_route=\/wp\/v2\/pages\/760\/revisions"}],"predecessor-version":[{"id":823,"href":"https:\/\/optimum-you.fr\/index.php?rest_route=\/wp\/v2\/pages\/760\/revisions\/823"}],"wp:attachment":[{"href":"https:\/\/optimum-you.fr\/index.php?rest_route=%2Fwp%2Fv2%2Fmedia&parent=760"}],"curies":[{"name":"wp","href":"https:\/\/api.w.org\/{rel}","templated":true}]}}